{"id":3980,"date":"2020-09-21T09:25:03","date_gmt":"2020-09-21T09:25:03","guid":{"rendered":"https:\/\/bemypartner.es\/somos\/"},"modified":"2020-10-21T11:34:31","modified_gmt":"2020-10-21T11:34:31","slug":"som","status":"publish","type":"page","link":"https:\/\/bemypartner.es\/ca\/som\/","title":{"rendered":"Som"},"content":{"rendered":"<p>[vc_row equal_height=&#8221;true&#8221; row_animation=&#8221;grow-in&#8221; el_class=&#8221;bloque-redes&#8221; row_padding_bottom=&#8221;70px&#8221;][vc_column vertical_position=&#8221;middle&#8221;][vc_column_text]<\/p>\n<div class=\"social-lateral\"><a href=\"https:\/\/www.linkedin.com\/company\/bemypartner\" target=\"_blank\" rel=\"noopener noreferrer\"><span class=\"icon-linkedin\">\u00a0<\/span><\/a><br \/>\n<a href=\"https:\/\/www.instagram.com\/bemypartnercom\/\" target=\"_blank\" rel=\"noopener noreferrer\"><span class=\"icon-instagram\">\u00a0<\/span><\/a><br \/>\n<a href=\"https:\/\/www.facebook.com\/BemypartnerCOM\" target=\"_blank\" rel=\"noopener noreferrer\"><span class=\"icon-facebook\">\u00a0<\/span><\/a><br \/>\n<a href=\"https:\/\/twitter.com\/bemypartnercom\" target=\"_blank\" rel=\"noopener noreferrer\"><span class=\"icon-twitter\">\u00a0<\/span><\/a><\/div>\n<p>[\/vc_column_text][\/vc_column][\/vc_row][vc_row background_color=&#8221;#f0f0f0&#8243; el_class=&#8221;cont-tit-interior&#8221; row_margin_top=&#8221;155&#8243; row_padding_top=&#8221;70&#8243; row_padding_bottom=&#8221;70&#8243;][vc_column][vc_column_text text_animation=&#8221;fade-in-top&#8221;]<\/p>\n<p class=\"tit-interior somos\" style=\"text-align: center;\">Ho hem fet possible!<\/p>\n<p>[\/vc_column_text][vc_row_inner css=&#8221;.vc_custom_1600691602297{margin-top: 100px !important;}&#8221; el_class=&#8221;counter-somos&#8221;][vc_column_inner]    \n    <div id=\"conterbox_1\" class=\"counterBox shortcodeAnimation no-responsive-animation\"  data-delay=\"1000\" data-animation=\"grow-in\"  data-countNmber=\"255\">\n        <span class=\"counterBoxNumber highlight\"  style=\"color:#ffffff;\" >0<\/span>\n        <h4 class=\"counterBoxDetails\" >Clients<\/h4>\n\n\n        \n    <\/div>\n\n        \n    <div id=\"conterbox_2\" class=\"counterBox shortcodeAnimation no-responsive-animation\"  data-delay=\"1000\" data-animation=\"grow-in\"  data-countNmber=\"129\">\n        <span class=\"counterBoxNumber highlight\"  style=\"color:#ffffff;\" >0<\/span>\n        <h4 class=\"counterBoxDetails\" >Esdeveniments organitzats<\/h4>\n\n\n        \n    <\/div>\n\n        \n    <div id=\"conterbox_3\" class=\"counterBox shortcodeAnimation no-responsive-animation\"  data-delay=\"1000\" data-animation=\"grow-in\"  data-countNmber=\"80\">\n        <span class=\"counterBoxNumber highlight\"  style=\"color:#ffffff;\" >0<\/span>\n        <h4 class=\"counterBoxDetails\" >Formacions impartides<\/h4>\n\n\n        \n    <\/div>\n\n        \n    <div id=\"conterbox_4\" class=\"counterBox shortcodeAnimation no-responsive-animation\"  data-delay=\"1000\" data-animation=\"grow-in\"  data-countNmber=\"3143\">\n        <span class=\"counterBoxNumber highlight\"  style=\"color:#ffffff;\" >0<\/span>\n        <h4 class=\"counterBoxDetails\" >Notes de premsa llan\u00e7ades<\/h4>\n\n\n        \n    <\/div>\n\n        \n    <div id=\"conterbox_5\" class=\"counterBox shortcodeAnimation no-responsive-animation\"  data-delay=\"1000\" data-animation=\"grow-in\"  data-countNmber=\"37\">\n        <span class=\"counterBoxNumber highlight\"  style=\"color:#ffffff;\" >0<\/span>\n        <h4 class=\"counterBoxDetails\" >Crisi de comunicaci\u00f3 resoltes<\/h4>\n\n\n        \n    <\/div>\n\n        \n    <div id=\"conterbox_6\" class=\"counterBox shortcodeAnimation no-responsive-animation\"  data-delay=\"1000\" data-animation=\"grow-in\"  data-countNmber=\"15400\">\n        <span class=\"counterBoxNumber highlight\"  style=\"color:#ffffff;\" >0<\/span>\n        <h4 class=\"counterBoxDetails\" >Caf\u00e8s invertits<\/h4>\n\n\n        \n    <\/div>\n\n        \n    <div id=\"conterbox_7\" class=\"counterBox shortcodeAnimation no-responsive-animation\"  data-delay=\"1000\" data-animation=\"grow-in\"  data-countNmber=\"120308\">\n        <span class=\"counterBoxNumber highlight\"  style=\"color:#ffffff;\" >0<\/span>\n        <h4 class=\"counterBoxDetails\" >Aparicions en mitjans de comunicaci\u00f3 <\/h4>\n\n\n        \n    <\/div>\n\n        \n    <div id=\"conterbox_8\" class=\"counterBox shortcodeAnimation no-responsive-animation\"  data-delay=\"1000\" data-animation=\"grow-in\"  data-countNmber=\"192\">\n        <span class=\"counterBoxNumber highlight\"  style=\"color:#ffffff;\" >0<\/span>\n        <h4 class=\"counterBoxDetails\" >Campanyes d\u2019influencers llan\u00e7ades<\/h4>\n\n\n        \n    <\/div>\n\n        \n    <div id=\"conterbox_9\" class=\"counterBox shortcodeAnimation no-responsive-animation\"  data-delay=\"1000\" data-animation=\"grow-in\"  data-countNmber=\"300000\">\n        <span class=\"counterBoxNumber highlight\"  style=\"color:#ffffff;\" >0<\/span>\n        <h4 class=\"counterBoxDetails\" >\u00c8xits celebrats<\/h4>\n\n\n        \n    <\/div>\n\n    [\/vc_column_inner][\/vc_row_inner][\/vc_column][\/vc_row][vc_row background_color=&#8221;#ffffff&#8221; row_padding_top=&#8221;70&#8243; row_padding_bottom=&#8221;70&#8243; el_class=&#8221;row-100&#8243;][vc_column][vc_column_text text_animation=&#8221;fade-in-top&#8221;]<\/p>\n<p class=\"tit-interior\" style=\"text-align: center;\">Qu\u00e8 ens fa \u00fanics?<\/p>\n<p>[\/vc_column_text][vc_row_inner css=&#8221;.vc_custom_1600697682307{margin-top: 80px !important;}&#8221;][vc_column_inner width=&#8221;1\/3&#8243;][vc_column_text text_animation=&#8221;fade-in-top&#8221;]<\/p>\n<p class=\"tit-interior hablamos\" style=\"padding-right: 110px;\"><span class=\"red\">Parlem <\/span> el teu mateix idioma<\/p>\n<p>[\/vc_column_text][\/vc_column_inner][vc_column_inner width=&#8221;2\/3&#8243;][vc_column_text text_animation=&#8221;fade-in-bottom&#8221; el_class=&#8221;texto-hablamos&#8221;]Som una ag\u00e8ncia de comunicaci\u00f3 que ofereix serveis integrals de comunicaci\u00f3 i relacions p\u00fabliques. Som un equip multidisciplinari, format per professionals s\u00e8nior amb \u00e0mplia experi\u00e8ncia en el sector.<\/p>\n<p><span class=\"red\">Personalitzem cada projecte. Marquem la difer\u00e8ncia. <\/span><br \/>\nEns aliem amb cadascun dels nostres clients per entendre a la perfecci\u00f3 les seves necessitats i objectius. Combinem estrat\u00e8gies per aconseguir els millors resultats.<br \/>\n\u00bfLa nostra finalitat? Crear projectes que deixin petjada<\/p>\n<p><span class=\"red\">La passi\u00f3 \u00e9s el nostre impuls m\u00e9s gran<\/span><br \/>\nBusquem l\u2019agilitat i la versatilitat en la nostra feina. Quan fem alguna cosa, ho fem b\u00e9. Ens enfoquem en el teu objectiu, dissenyem una estrat\u00e8gia a mida i aportem les millors eines per fer-la realitat. Perqu\u00e8 la tranquil\u00b7litat dels nostres clients \u00e9s el m\u00e9s important. [\/vc_column_text][\/vc_column_inner][\/vc_row_inner][\/vc_column][\/vc_row][vc_row background_color=&#8221;#f0f0f0&#8243; row_padding_top=&#8221;70&#8243; row_padding_bottom=&#8221;70&#8243; el_class=&#8221;row-100&#8243;][vc_column][vc_row_inner][vc_column_inner width=&#8221;1\/3&#8243;][vc_column_text text_animation=&#8221;fade-in-top&#8221;]<\/p>\n<p class=\"tit-interior hablamos alma\" style=\"padding-right: 110px;\">Busquem <span class=\"red\">l\u2019\u00e0nima <\/span> a cada repte<\/p>\n<p>[\/vc_column_text][\/vc_column_inner][vc_column_inner width=&#8221;2\/3&#8243;][vc_column_text text_animation=&#8221;fade-in-bottom&#8221; el_class=&#8221;texto-hablamos&#8221;]<span class=\"red\">Connectar \u00e9s la clau<\/span><br \/>\nCreiem en les primeres impressions. Connectar amb els nostres clients ens ajuda a entendre els seus prop\u00f2sits i a crear una relaci\u00f3 d\u2019\u00e8xit. Perqu\u00e8 l\u2019\u00e8xit \u00e9s el que busquem. I trobar l\u2019ess\u00e8ncia de cada projecte \u00e9s clau per oferir solucions integrals, eficaces i dissenyades a mida. Ens acompanyes? [\/vc_column_text][\/vc_column_inner][\/vc_row_inner][vc_empty_space height=&#8221;60px&#8221;][\/vc_column][\/vc_row]<\/p>\n","protected":false},"excerpt":{"rendered":"<p>[vc_row equal_height=&#8221;true&#8221; row_animation=&#8221;grow-in&#8221; el_class=&#8221;bloque-redes&#8221; row_padding_bottom=&#8221;70px&#8221;][vc_column vertical_position=&#8221;middle&#8221;][vc_column_text] \u00a0 \u00a0 \u00a0 \u00a0 [\/vc_column_text][\/vc_column][\/vc_row][vc_row background_color=&#8221;#f0f0f0&#8243; el_class=&#8221;cont-tit-interior&#8221; row_margin_top=&#8221;155&#8243; row_padding_top=&#8221;70&#8243; row_padding_bottom=&#8221;70&#8243;][vc_column][vc_column_text text_animation=&#8221;fade-in-top&#8221;] Ho hem fet possible! [\/vc_column_text][vc_row_inner css=&#8221;.vc_custom_1600691602297{margin-top: 100px !important;}&#8221; el_class=&#8221;counter-somos&#8221;][vc_column_inner][\/vc_column_inner][\/vc_row_inner][\/vc_column][\/vc_row][vc_row background_color=&#8221;#ffffff&#8221; row_padding_top=&#8221;70&#8243; row_padding_bottom=&#8221;70&#8243; el_class=&#8221;row-100&#8243;][vc_column][vc_column_text text_animation=&#8221;fade-in-top&#8221;] Qu\u00e8 ens fa \u00fanics? [\/vc_column_text][vc_row_inner css=&#8221;.vc_custom_1600697682307{margin-top: 80px !important;}&#8221;][vc_column_inner width=&#8221;1\/3&#8243;][vc_column_text text_animation=&#8221;fade-in-top&#8221;] Parlem el teu mateix idioma [\/vc_column_text][\/vc_column_inner][vc_column_inner width=&#8221;2\/3&#8243;][vc_column_text text_animation=&#8221;fade-in-bottom&#8221; el_class=&#8221;texto-hablamos&#8221;]Som una ag\u00e8ncia de comunicaci\u00f3 que<\/p>\n","protected":false},"author":1,"featured_media":0,"parent":0,"menu_order":0,"comment_status":"closed","ping_status":"closed","template":"","meta":{"_monsterinsights_skip_tracking":false,"_monsterinsights_sitenote_active":false,"_monsterinsights_sitenote_note":"","_monsterinsights_sitenote_category":0,"footnotes":""},"class_list":["post-3980","page","type-page","status-publish","hentry"],"yoast_head":"<!-- This site is optimized with the Yoast SEO plugin v27.5 - https:\/\/yoast.com\/product\/yoast-seo-wordpress\/ -->\n<title>Som - Bemypartner<\/title>\n<meta name=\"robots\" content=\"index, follow, max-snippet:-1, max-image-preview:large, max-video-preview:-1\" \/>\n<link rel=\"canonical\" href=\"https:\/\/bemypartner.es\/ca\/som\/\" \/>\n<meta property=\"og:locale\" content=\"ca_ES\" \/>\n<meta property=\"og:type\" content=\"article\" \/>\n<meta property=\"og:title\" content=\"Som - Bemypartner\" \/>\n<meta property=\"og:description\" content=\"[vc_row equal_height=&#8221;true&#8221; row_animation=&#8221;grow-in&#8221; el_class=&#8221;bloque-redes&#8221; row_padding_bottom=&#8221;70px&#8221;][vc_column vertical_position=&#8221;middle&#8221;][vc_column_text] \u00a0 \u00a0 \u00a0 \u00a0 [\/vc_column_text][\/vc_column][\/vc_row][vc_row background_color=&#8221;#f0f0f0&#8243; el_class=&#8221;cont-tit-interior&#8221; row_margin_top=&#8221;155&#8243; row_padding_top=&#8221;70&#8243; row_padding_bottom=&#8221;70&#8243;][vc_column][vc_column_text text_animation=&#8221;fade-in-top&#8221;] Ho hem fet possible! [\/vc_column_text][vc_row_inner css=&#8221;.vc_custom_1600691602297{margin-top: 100px !important;}&#8221; el_class=&#8221;counter-somos&#8221;][vc_column_inner][\/vc_column_inner][\/vc_row_inner][\/vc_column][\/vc_row][vc_row background_color=&#8221;#ffffff&#8221; row_padding_top=&#8221;70&#8243; row_padding_bottom=&#8221;70&#8243; el_class=&#8221;row-100&#8243;][vc_column][vc_column_text text_animation=&#8221;fade-in-top&#8221;] Qu\u00e8 ens fa \u00fanics? [\/vc_column_text][vc_row_inner css=&#8221;.vc_custom_1600697682307{margin-top: 80px !important;}&#8221;][vc_column_inner width=&#8221;1\/3&#8243;][vc_column_text text_animation=&#8221;fade-in-top&#8221;] Parlem el teu mateix idioma [\/vc_column_text][\/vc_column_inner][vc_column_inner width=&#8221;2\/3&#8243;][vc_column_text text_animation=&#8221;fade-in-bottom&#8221; el_class=&#8221;texto-hablamos&#8221;]Som una ag\u00e8ncia de comunicaci\u00f3 que\" \/>\n<meta property=\"og:url\" content=\"https:\/\/bemypartner.es\/ca\/som\/\" \/>\n<meta property=\"og:site_name\" content=\"Bemypartner\" \/>\n<meta property=\"article:publisher\" content=\"https:\/\/www.facebook.com\/BemypartnerCOM\" \/>\n<meta property=\"article:modified_time\" content=\"2020-10-21T11:34:31+00:00\" \/>\n<meta property=\"og:image\" content=\"https:\/\/bemypartner.es\/wp-content\/uploads\/2020\/07\/img-servicios-5.png\" \/>\n\t<meta property=\"og:image:width\" content=\"960\" \/>\n\t<meta property=\"og:image:height\" content=\"580\" \/>\n\t<meta property=\"og:image:type\" content=\"image\/png\" \/>\n<meta name=\"twitter:card\" content=\"summary_large_image\" \/>\n<meta name=\"twitter:site\" content=\"@bemypartnercom\" \/>\n<meta name=\"twitter:label1\" content=\"Temps estimat de lectura\" \/>\n\t<meta name=\"twitter:data1\" content=\"3 minuts\" \/>\n<script type=\"application\/ld+json\" class=\"yoast-schema-graph\">{\"@context\":\"https:\\\/\\\/schema.org\",\"@graph\":[{\"@type\":\"WebPage\",\"@id\":\"https:\\\/\\\/bemypartner.es\\\/ca\\\/som\\\/\",\"url\":\"https:\\\/\\\/bemypartner.es\\\/ca\\\/som\\\/\",\"name\":\"Som - Bemypartner\",\"isPartOf\":{\"@id\":\"https:\\\/\\\/bemypartner.es\\\/#website\"},\"datePublished\":\"2020-09-21T09:25:03+00:00\",\"dateModified\":\"2020-10-21T11:34:31+00:00\",\"breadcrumb\":{\"@id\":\"https:\\\/\\\/bemypartner.es\\\/ca\\\/som\\\/#breadcrumb\"},\"inLanguage\":\"ca\",\"potentialAction\":[{\"@type\":\"ReadAction\",\"target\":[\"https:\\\/\\\/bemypartner.es\\\/ca\\\/som\\\/\"]}]},{\"@type\":\"BreadcrumbList\",\"@id\":\"https:\\\/\\\/bemypartner.es\\\/ca\\\/som\\\/#breadcrumb\",\"itemListElement\":[{\"@type\":\"ListItem\",\"position\":1,\"name\":\"Portada\",\"item\":\"https:\\\/\\\/bemypartner.es\\\/ca\\\/\"},{\"@type\":\"ListItem\",\"position\":2,\"name\":\"Som\"}]},{\"@type\":\"WebSite\",\"@id\":\"https:\\\/\\\/bemypartner.es\\\/#website\",\"url\":\"https:\\\/\\\/bemypartner.es\\\/\",\"name\":\"Bemypartner\",\"description\":\"Comunicaci\u00f3n y eventos\",\"potentialAction\":[{\"@type\":\"SearchAction\",\"target\":{\"@type\":\"EntryPoint\",\"urlTemplate\":\"https:\\\/\\\/bemypartner.es\\\/?s={search_term_string}\"},\"query-input\":{\"@type\":\"PropertyValueSpecification\",\"valueRequired\":true,\"valueName\":\"search_term_string\"}}],\"inLanguage\":\"ca\"}]}<\/script>\n<!-- \/ Yoast SEO plugin. -->","yoast_head_json":{"title":"Som - Bemypartner","robots":{"index":"index","follow":"follow","max-snippet":"max-snippet:-1","max-image-preview":"max-image-preview:large","max-video-preview":"max-video-preview:-1"},"canonical":"https:\/\/bemypartner.es\/ca\/som\/","og_locale":"ca_ES","og_type":"article","og_title":"Som - Bemypartner","og_description":"[vc_row equal_height=&#8221;true&#8221; row_animation=&#8221;grow-in&#8221; el_class=&#8221;bloque-redes&#8221; row_padding_bottom=&#8221;70px&#8221;][vc_column vertical_position=&#8221;middle&#8221;][vc_column_text] \u00a0 \u00a0 \u00a0 \u00a0 [\/vc_column_text][\/vc_column][\/vc_row][vc_row background_color=&#8221;#f0f0f0&#8243; el_class=&#8221;cont-tit-interior&#8221; row_margin_top=&#8221;155&#8243; row_padding_top=&#8221;70&#8243; row_padding_bottom=&#8221;70&#8243;][vc_column][vc_column_text text_animation=&#8221;fade-in-top&#8221;] Ho hem fet possible! [\/vc_column_text][vc_row_inner css=&#8221;.vc_custom_1600691602297{margin-top: 100px !important;}&#8221; el_class=&#8221;counter-somos&#8221;][vc_column_inner][\/vc_column_inner][\/vc_row_inner][\/vc_column][\/vc_row][vc_row background_color=&#8221;#ffffff&#8221; row_padding_top=&#8221;70&#8243; row_padding_bottom=&#8221;70&#8243; el_class=&#8221;row-100&#8243;][vc_column][vc_column_text text_animation=&#8221;fade-in-top&#8221;] Qu\u00e8 ens fa \u00fanics? [\/vc_column_text][vc_row_inner css=&#8221;.vc_custom_1600697682307{margin-top: 80px !important;}&#8221;][vc_column_inner width=&#8221;1\/3&#8243;][vc_column_text text_animation=&#8221;fade-in-top&#8221;] Parlem el teu mateix idioma [\/vc_column_text][\/vc_column_inner][vc_column_inner width=&#8221;2\/3&#8243;][vc_column_text text_animation=&#8221;fade-in-bottom&#8221; el_class=&#8221;texto-hablamos&#8221;]Som una ag\u00e8ncia de comunicaci\u00f3 que","og_url":"https:\/\/bemypartner.es\/ca\/som\/","og_site_name":"Bemypartner","article_publisher":"https:\/\/www.facebook.com\/BemypartnerCOM","article_modified_time":"2020-10-21T11:34:31+00:00","og_image":[{"width":960,"height":580,"url":"https:\/\/bemypartner.es\/wp-content\/uploads\/2020\/07\/img-servicios-5.png","type":"image\/png"}],"twitter_card":"summary_large_image","twitter_site":"@bemypartnercom","twitter_misc":{"Temps estimat de lectura":"3 minuts"},"schema":{"@context":"https:\/\/schema.org","@graph":[{"@type":"WebPage","@id":"https:\/\/bemypartner.es\/ca\/som\/","url":"https:\/\/bemypartner.es\/ca\/som\/","name":"Som - Bemypartner","isPartOf":{"@id":"https:\/\/bemypartner.es\/#website"},"datePublished":"2020-09-21T09:25:03+00:00","dateModified":"2020-10-21T11:34:31+00:00","breadcrumb":{"@id":"https:\/\/bemypartner.es\/ca\/som\/#breadcrumb"},"inLanguage":"ca","potentialAction":[{"@type":"ReadAction","target":["https:\/\/bemypartner.es\/ca\/som\/"]}]},{"@type":"BreadcrumbList","@id":"https:\/\/bemypartner.es\/ca\/som\/#breadcrumb","itemListElement":[{"@type":"ListItem","position":1,"name":"Portada","item":"https:\/\/bemypartner.es\/ca\/"},{"@type":"ListItem","position":2,"name":"Som"}]},{"@type":"WebSite","@id":"https:\/\/bemypartner.es\/#website","url":"https:\/\/bemypartner.es\/","name":"Bemypartner","description":"Comunicaci\u00f3n y eventos","potentialAction":[{"@type":"SearchAction","target":{"@type":"EntryPoint","urlTemplate":"https:\/\/bemypartner.es\/?s={search_term_string}"},"query-input":{"@type":"PropertyValueSpecification","valueRequired":true,"valueName":"search_term_string"}}],"inLanguage":"ca"}]}},"_links":{"self":[{"href":"https:\/\/bemypartner.es\/ca\/wp-json\/wp\/v2\/pages\/3980","targetHints":{"allow":["GET"]}}],"collection":[{"href":"https:\/\/bemypartner.es\/ca\/wp-json\/wp\/v2\/pages"}],"about":[{"href":"https:\/\/bemypartner.es\/ca\/wp-json\/wp\/v2\/types\/page"}],"author":[{"embeddable":true,"href":"https:\/\/bemypartner.es\/ca\/wp-json\/wp\/v2\/users\/1"}],"replies":[{"embeddable":true,"href":"https:\/\/bemypartner.es\/ca\/wp-json\/wp\/v2\/comments?post=3980"}],"version-history":[{"count":4,"href":"https:\/\/bemypartner.es\/ca\/wp-json\/wp\/v2\/pages\/3980\/revisions"}],"predecessor-version":[{"id":4239,"href":"https:\/\/bemypartner.es\/ca\/wp-json\/wp\/v2\/pages\/3980\/revisions\/4239"}],"wp:attachment":[{"href":"https:\/\/bemypartner.es\/ca\/wp-json\/wp\/v2\/media?parent=3980"}],"curies":[{"name":"wp","href":"https:\/\/api.w.org\/{rel}","templated":true}]}}