{"id":3976,"date":"2020-09-23T11:10:44","date_gmt":"2020-09-23T11:10:44","guid":{"rendered":"https:\/\/bemypartner.es\/servicios\/"},"modified":"2023-01-12T16:26:37","modified_gmt":"2023-01-12T16:26:37","slug":"serveis","status":"publish","type":"page","link":"https:\/\/bemypartner.es\/ca\/serveis\/","title":{"rendered":"Serveis"},"content":{"rendered":"<p>[vc_row equal_height=&#8221;true&#8221; row_animation=&#8221;grow-in&#8221; el_class=&#8221;bloque-redes&#8221; row_padding_bottom=&#8221;70px&#8221;][vc_column vertical_position=&#8221;middle&#8221;][vc_column_text]<\/p>\n<div class=\"social-lateral\"><a href=\"https:\/\/www.linkedin.com\/company\/bemypartner\" target=\"_blank\" rel=\"noopener noreferrer\"><span class=\"icon-linkedin\">\u00a0<\/span><\/a><br \/>\n<a href=\"https:\/\/www.instagram.com\/bemypartnercom\/\" target=\"_blank\" rel=\"noopener noreferrer\"><span class=\"icon-instagram\">\u00a0<\/span><\/a><br \/>\n<a href=\"https:\/\/www.facebook.com\/BemypartnerCOM\" target=\"_blank\" rel=\"noopener noreferrer\"><span class=\"icon-facebook\">\u00a0<\/span><\/a><br \/>\n<a href=\"https:\/\/twitter.com\/bemypartnercom\" target=\"_blank\" rel=\"noopener noreferrer\"><span class=\"icon-twitter\">\u00a0<\/span><\/a><\/div>\n<p>[\/vc_column_text][\/vc_column][\/vc_row][vc_row el_class=&#8221;cont-tit-interior&#8221; row_margin_top=&#8221;155&#8243; row_padding_top=&#8221;70&#8243; row_padding_bottom=&#8221;70&#8243;][vc_column][vc_column_text text_animation=&#8221;fade-in-top&#8221;]<\/p>\n<p class=\"tit-interior\" style=\"text-align: center;\">Creixem amb tu<\/p>\n<p>[\/vc_column_text][vc_column_text text_animation=&#8221;fade-in-top&#8221; css=&#8221;.vc_custom_1600860250834{margin-top: 100px !important;}&#8221;]<\/p>\n<p class=\"texto-experiencia\" style=\"text-align: center; width: 100%;\">Oferim serveis integrats, creatius i efica\u00e7os. Contants el teu<br \/>\nobjectiu i nosaltres dissenyem el pla.<br \/>\n<img decoding=\"async\" class=\"img-experiencia aligncenter lazyload\" data-src=\"\/wp-content\/uploads\/2020\/09\/ico-tit-servicios.svg\" alt=\"\" width=\"161\" height=\"69\" src=\"data:image\/svg+xml;base64,PHN2ZyB3aWR0aD0iMSIgaGVpZ2h0PSIxIiB4bWxucz0iaHR0cDovL3d3dy53My5vcmcvMjAwMC9zdmciPjwvc3ZnPg==\" style=\"--smush-placeholder-width: 161px; --smush-placeholder-aspect-ratio: 161\/69;\" \/><\/p>\n<p>[\/vc_column_text][\/vc_column][\/vc_row][vc_row equal_height=&#8221;true&#8221; gap=&#8221;zero&#8221; background_color=&#8221;#f0f0f0&#8243; row_padding_bottom=&#8221;0&#8243; el_class=&#8221;row-100&#8243;][vc_column width=&#8221;1\/2&#8243; el_class=&#8221;box-servicios&#8221; css=&#8221;.vc_custom_1602242561224{padding-bottom: 70px !important;}&#8221;][vc_column_text text_animation=&#8221;fade-in-top&#8221; css=&#8221;.vc_custom_1600866096100{margin-top: 50px !important;}&#8221;]<\/p>\n<p class=\"tit-servicios\" style=\"text-align: center; width: 100%;\">Gabinete<br \/>\nde prensa<\/p>\n<p class=\"info-servicios\">Convertimos tu empresa, tus objetivos y tus \u00e9xitos en noticia. Nuestra meta es dar visibilidad y reputaci\u00f3n a tu marca como base de una estrategia de comunicaci\u00f3n consolidada. Gracias a nuestra amplia experiencia y relaci\u00f3n con los medios de comunicaci\u00f3n, aseguramos ampliar la cobertura medi\u00e1tica de tu empresa.<\/p>\n<p>[\/vc_column_text][\/vc_column][vc_column width=&#8221;1\/2&#8243; el_class=&#8221;box-servicios&#8221; css=&#8221;.vc_custom_1602242569586{padding-bottom: 70px !important;}&#8221;][vc_column_text text_animation=&#8221;fade-in-top&#8221; css=&#8221;.vc_custom_1600866667335{margin-top: 50px !important;}&#8221;]<\/p>\n<p class=\"tit-servicios\" style=\"text-align: center; width: 100%;\">Eventos<\/p>\n<p class=\"info-servicios\">Organizamos experiencias creativas y memorables para la marca, medios de comunicaci\u00f3n y asistentes. Dise\u00f1amos eventos a medida para cada tipo de p\u00fablico y objetivo: ruedas de prensa, lanzamientos, aniversarios, inauguraciones, eventos solidarios, etc. Escuchamos tus necesidades y nos encargamos de dar valor y personalidad a tu evento.<\/p>\n<p>[\/vc_column_text][\/vc_column][\/vc_row][vc_row equal_height=&#8221;true&#8221; gap=&#8221;zero&#8221; background_color=&#8221;#f0f0f0&#8243; row_padding_bottom=&#8221;0&#8243; el_class=&#8221;row-100&#8243;][vc_column width=&#8221;1\/2&#8243; el_class=&#8221;box-servicios&#8221; css=&#8221;.vc_custom_1602242574947{padding-bottom: 70px !important;}&#8221;][vc_column_text text_animation=&#8221;fade-in-top&#8221; css=&#8221;.vc_custom_1601559429600{margin-top: 50px !important;}&#8221;]<\/p>\n<p class=\"tit-servicios\" style=\"text-align: center; letter-spacing: -1px; width: 100%;\">Social Media &amp; Marketing de Contenidos<\/p>\n<p class=\"info-servicios\">\u00bfTu marca est\u00e1 presente en las redes sociales? \u00bfTienes p\u00e1gina web? \u00bfBlog? Te ayudamos a conocer a tu p\u00fablico y a acercar tu marca al consumidor. Nos encargamos de elaborar un plan detallado de marketing de contenidos y optimizado para las diferentes plataformas digitales. Personalizamos tus mensajes para que lleguen a quien tienen que llegar.<\/p>\n<p>[\/vc_column_text][\/vc_column][vc_column width=&#8221;1\/2&#8243; el_class=&#8221;box-servicios&#8221; css=&#8221;.vc_custom_1602242579941{padding-bottom: 70px !important;}&#8221;][vc_column_text text_animation=&#8221;fade-in-top&#8221; css=&#8221;.vc_custom_1600866724188{margin-top: 50px !important;}&#8221;]<\/p>\n<p class=\"tit-servicios\" style=\"text-align: center; width: 100%;\">Marketing<br \/>\nde Influencers<\/p>\n<p class=\"info-servicios\">No es el futuro, es el presente. \u00bfQuieres aumentar el ROI de tu marca? El contenido generado por un influencer tiene un \u00edndice de conversi\u00f3n m\u00e1s alto que cualquier otra acci\u00f3n de marketing. Por eso, potenciamos la imagen de tu marca y le damos un impulso a las ventas de tu producto y servicio gracias a las estrategias creativas con influencers.<\/p>\n<p>[\/vc_column_text][\/vc_column][\/vc_row][vc_row equal_height=&#8221;true&#8221; gap=&#8221;zero&#8221; background_color=&#8221;#f0f0f0&#8243; el_class=&#8221;row-100&#8243;][vc_column width=&#8221;1\/2&#8243; el_class=&#8221;box-servicios&#8221; css=&#8221;.vc_custom_1602242615199{padding-bottom: 70px !important;}&#8221;][vc_column_text text_animation=&#8221;fade-in-top&#8221; css=&#8221;.vc_custom_1673528360986{margin-top: 50px !important;}&#8221;]<\/p>\n<p class=\"tit-servicios\" style=\"text-align: center; width: 100%;\">SEO &amp;<br \/>\nSEM<\/p>\n<p class=\"info-servicios\">Te ayudamos a destacar en los motores de b\u00fasqueda, aumentar el tr\u00e1fico y las conversiones en tu sitio web. Nuestros servicios incluyen la optimizaci\u00f3n de contenido, investigaci\u00f3n de palabras clave, enlaces de retroceso, publicidad en Google Ads y en redes sociales, y monitoreo constante de tu clasificaci\u00f3n. Trabajamos contigo para entender tus objetivos y desarrollar una estrategia personalizada para alcanzarlos. Ofrecemos paquetes flexibles y asequibles para adaptarnos a tus necesidades y presupuesto.<\/p>\n<p>[\/vc_column_text][\/vc_column][vc_column width=&#8221;1\/2&#8243; el_class=&#8221;box-servicios&#8221; css=&#8221;.vc_custom_1602242620962{padding-bottom: 70px !important;}&#8221;][vc_column_text text_animation=&#8221;fade-in-top&#8221; css=&#8221;.vc_custom_1673529163438{margin-top: 50px !important;}&#8221;]<\/p>\n<p class=\"tit-servicios\" style=\"text-align: center; width: 100%;\">Paid Media &amp;<br \/>\nBranded<\/p>\n<p class=\"info-servicios\">Ofrecemos servicios de medios pagados de vanguardia que ayudar\u00e1n a impulsar tu negocio al siguiente nivel. Nuestra experiencia en plataformas publicitarias como Facebook Ads, Instagram Ads, TikTok Ads, Pinterest Ads, LinkedIn Ads y YouTube Ads nos permite desarrollar estrategias publicitarias personalizadas que se adapten a tus objetivos y presupuesto, garantizando un alcance efectivo a tu p\u00fablico objetivo. \u00a1Conf\u00eda en BeMyPartner para ayudarte a destacar en el competitivo mundo digital!<\/p>\n<p>[\/vc_column_text][\/vc_column][\/vc_row][vc_row equal_height=&#8221;true&#8221; gap=&#8221;zero&#8221; background_color=&#8221;#f0f0f0&#8243; el_class=&#8221;row-100&#8243;][vc_column width=&#8221;1\/2&#8243; el_class=&#8221;box-servicios&#8221; css=&#8221;.vc_custom_1602242615199{padding-bottom: 70px !important;}&#8221;][vc_column_text text_animation=&#8221;fade-in-top&#8221; css=&#8221;.vc_custom_1673529119653{margin-top: 50px !important;}&#8221;]<\/p>\n<p class=\"tit-servicios\" style=\"text-align: center; width: 100%;\">Formaci\u00f3n<br \/>\nde portavoces<\/p>\n<p class=\"info-servicios\">Ofrecemos formaci\u00f3n especializada para directivos y empresas con un claro enfoque profesional y pr\u00e1ctico. Formaci\u00f3n a portavoces, hablar en p\u00fablico, gesti\u00f3n de crisis reputacional, comunicaci\u00f3n para mujeres emprendedoras, redes sociales para profesionales, marca personal, etc. Saber qu\u00e9 decir y c\u00f3mo en todo momento es clave para la imagen de una marca.<\/p>\n<p>[\/vc_column_text][\/vc_column][vc_column width=&#8221;1\/2&#8243; el_class=&#8221;box-servicios&#8221; css=&#8221;.vc_custom_1602242620962{padding-bottom: 70px !important;}&#8221;][vc_column_text text_animation=&#8221;fade-in-top&#8221; css=&#8221;.vc_custom_1600866927832{margin-top: 50px !important;}&#8221;]<\/p>\n<p class=\"tit-servicios\" style=\"text-align: center; width: 100%;\">Comunicaci\u00f3n<br \/>\nde crisis<\/p>\n<p class=\"info-servicios\">La reputaci\u00f3n de marca es crucial para sobrevivir en un entorno tan competitivo. Elaboramos un plan de comunicaci\u00f3n en el contexto de situaciones de crisis. Determinamos los portavoces y los formamos, dise\u00f1amos los mensajes clave y gestionamos la comunicaci\u00f3n con los medios, para acompa\u00f1arte, proteger a tu compa\u00f1\u00eda y satisfacer a tus clientes. Est\u00e1s en buenas manos.<\/p>\n<p>[\/vc_column_text][\/vc_column][\/vc_row][vc_row equal_height=&#8221;true&#8221; gap=&#8221;zero&#8221; background_color=&#8221;#f0f0f0&#8243; el_class=&#8221;row-100&#8243;][vc_column width=&#8221;1\/2&#8243; el_class=&#8221;box-servicios&#8221; css=&#8221;.vc_custom_1602242666855{padding-bottom: 70px !important;}&#8221;][vc_column_text text_animation=&#8221;fade-in-top&#8221; css=&#8221;.vc_custom_1600866809605{margin-top: 50px !important;}&#8221;]<\/p>\n<p class=\"tit-servicios\" style=\"text-align: center; width: 100%;\">Producci\u00f3n audiovisual<br \/>\n&amp; Dise\u00f1o gr\u00e1fico<\/p>\n<p class=\"info-servicios\">Dinamizamos tu web o tus canales digitales con producciones audiovisuales y dise\u00f1o gr\u00e1fico. Producimos v\u00eddeos corporativos y reportajes para medios de comunicaci\u00f3n, organizamos shootings de marca, producto, eventos y equipo. Y a\u00f1adimos valor y creatividad con nuestro servicio de branding y dise\u00f1o gr\u00e1fico.<\/p>\n<p>[\/vc_column_text][\/vc_column][vc_column width=&#8221;1\/2&#8243; el_class=&#8221;box-servicios&#8221; css=&#8221;.vc_custom_1602242671652{padding-bottom: 70px !important;}&#8221;][vc_column_text text_animation=&#8221;fade-in-top&#8221; css=&#8221;.vc_custom_1600866832279{margin-top: 50px !important;}&#8221;]<\/p>\n<p class=\"tit-servicios\" style=\"text-align: center; width: 100%;\">Comunicaci\u00f3n<br \/>\ninterna<\/p>\n<p class=\"info-servicios\">La salud de una empresa se trabaja desde dentro para que se perciba fuera. En Bemypartner te ayudamos a gestionar los canales y los mensajes de comunicaci\u00f3n con tus empleados para transmitir la identidad y los valores corporativos, promover la comunicaci\u00f3n con el equipo, empoderarlo y fomentar la cultura de empresa.<\/p>\n<p>[\/vc_column_text][\/vc_column][\/vc_row]<\/p>\n","protected":false},"excerpt":{"rendered":"<p>[vc_row equal_height=&#8221;true&#8221; row_animation=&#8221;grow-in&#8221; el_class=&#8221;bloque-redes&#8221; row_padding_bottom=&#8221;70px&#8221;][vc_column vertical_position=&#8221;middle&#8221;][vc_column_text] \u00a0 \u00a0 \u00a0 \u00a0 [\/vc_column_text][\/vc_column][\/vc_row][vc_row el_class=&#8221;cont-tit-interior&#8221; row_margin_top=&#8221;155&#8243; row_padding_top=&#8221;70&#8243; row_padding_bottom=&#8221;70&#8243;][vc_column][vc_column_text text_animation=&#8221;fade-in-top&#8221;] Creixem amb tu [\/vc_column_text][vc_column_text text_animation=&#8221;fade-in-top&#8221; css=&#8221;.vc_custom_1600860250834{margin-top: 100px !important;}&#8221;] Oferim serveis integrats, creatius i efica\u00e7os. Contants el teu objectiu i nosaltres dissenyem el pla. [\/vc_column_text][\/vc_column][\/vc_row][vc_row equal_height=&#8221;true&#8221; gap=&#8221;zero&#8221; background_color=&#8221;#f0f0f0&#8243; row_padding_bottom=&#8221;0&#8243; el_class=&#8221;row-100&#8243;][vc_column width=&#8221;1\/2&#8243; el_class=&#8221;box-servicios&#8221; css=&#8221;.vc_custom_1602242561224{padding-bottom: 70px !important;}&#8221;][vc_column_text text_animation=&#8221;fade-in-top&#8221; css=&#8221;.vc_custom_1600866096100{margin-top: 50px !important;}&#8221;] Gabinete<\/p>\n","protected":false},"author":1,"featured_media":0,"parent":0,"menu_order":0,"comment_status":"closed","ping_status":"closed","template":"","meta":{"_monsterinsights_skip_tracking":false,"_monsterinsights_sitenote_active":false,"_monsterinsights_sitenote_note":"","_monsterinsights_sitenote_category":0,"footnotes":""},"class_list":["post-3976","page","type-page","status-publish","hentry"],"yoast_head":"<!-- This site is optimized with the Yoast SEO plugin v27.5 - https:\/\/yoast.com\/product\/yoast-seo-wordpress\/ -->\n<title>Serveis - Bemypartner<\/title>\n<meta name=\"robots\" content=\"index, follow, max-snippet:-1, max-image-preview:large, max-video-preview:-1\" \/>\n<link rel=\"canonical\" href=\"https:\/\/bemypartner.es\/servicios\/\" \/>\n<meta property=\"og:locale\" content=\"ca_ES\" \/>\n<meta property=\"og:type\" content=\"article\" \/>\n<meta property=\"og:title\" content=\"Serveis - Bemypartner\" \/>\n<meta property=\"og:description\" content=\"[vc_row equal_height=&#8221;true&#8221; row_animation=&#8221;grow-in&#8221; el_class=&#8221;bloque-redes&#8221; row_padding_bottom=&#8221;70px&#8221;][vc_column vertical_position=&#8221;middle&#8221;][vc_column_text] \u00a0 \u00a0 \u00a0 \u00a0 [\/vc_column_text][\/vc_column][\/vc_row][vc_row el_class=&#8221;cont-tit-interior&#8221; row_margin_top=&#8221;155&#8243; row_padding_top=&#8221;70&#8243; row_padding_bottom=&#8221;70&#8243;][vc_column][vc_column_text text_animation=&#8221;fade-in-top&#8221;] Creixem amb tu [\/vc_column_text][vc_column_text text_animation=&#8221;fade-in-top&#8221; css=&#8221;.vc_custom_1600860250834{margin-top: 100px !important;}&#8221;] Oferim serveis integrats, creatius i efica\u00e7os. Contants el teu objectiu i nosaltres dissenyem el pla. [\/vc_column_text][\/vc_column][\/vc_row][vc_row equal_height=&#8221;true&#8221; gap=&#8221;zero&#8221; background_color=&#8221;#f0f0f0&#8243; row_padding_bottom=&#8221;0&#8243; el_class=&#8221;row-100&#8243;][vc_column width=&#8221;1\/2&#8243; el_class=&#8221;box-servicios&#8221; css=&#8221;.vc_custom_1602242561224{padding-bottom: 70px !important;}&#8221;][vc_column_text text_animation=&#8221;fade-in-top&#8221; css=&#8221;.vc_custom_1600866096100{margin-top: 50px !important;}&#8221;] Gabinete\" \/>\n<meta property=\"og:url\" content=\"https:\/\/bemypartner.es\/servicios\/\" \/>\n<meta property=\"og:site_name\" content=\"Bemypartner\" \/>\n<meta property=\"article:publisher\" content=\"https:\/\/www.facebook.com\/BemypartnerCOM\" \/>\n<meta property=\"article:modified_time\" content=\"2023-01-12T16:26:37+00:00\" \/>\n<meta property=\"og:image\" content=\"https:\/\/bemypartner.es\/wp-content\/uploads\/2020\/07\/img-servicios-5.png\" \/>\n\t<meta property=\"og:image:width\" content=\"960\" \/>\n\t<meta property=\"og:image:height\" content=\"580\" \/>\n\t<meta property=\"og:image:type\" content=\"image\/png\" \/>\n<meta name=\"twitter:card\" content=\"summary_large_image\" \/>\n<meta name=\"twitter:site\" content=\"@bemypartnercom\" \/>\n<meta name=\"twitter:label1\" content=\"Temps estimat de lectura\" \/>\n\t<meta name=\"twitter:data1\" content=\"6 minuts\" \/>\n<script type=\"application\/ld+json\" class=\"yoast-schema-graph\">{\"@context\":\"https:\\\/\\\/schema.org\",\"@graph\":[{\"@type\":\"WebPage\",\"@id\":\"https:\\\/\\\/bemypartner.es\\\/servicios\\\/\",\"url\":\"https:\\\/\\\/bemypartner.es\\\/servicios\\\/\",\"name\":\"Serveis - Bemypartner\",\"isPartOf\":{\"@id\":\"https:\\\/\\\/bemypartner.es\\\/#website\"},\"datePublished\":\"2020-09-23T11:10:44+00:00\",\"dateModified\":\"2023-01-12T16:26:37+00:00\",\"breadcrumb\":{\"@id\":\"https:\\\/\\\/bemypartner.es\\\/servicios\\\/#breadcrumb\"},\"inLanguage\":\"ca\",\"potentialAction\":[{\"@type\":\"ReadAction\",\"target\":[\"https:\\\/\\\/bemypartner.es\\\/servicios\\\/\"]}]},{\"@type\":\"BreadcrumbList\",\"@id\":\"https:\\\/\\\/bemypartner.es\\\/servicios\\\/#breadcrumb\",\"itemListElement\":[{\"@type\":\"ListItem\",\"position\":1,\"name\":\"Portada\",\"item\":\"https:\\\/\\\/bemypartner.es\\\/ca\\\/\"},{\"@type\":\"ListItem\",\"position\":2,\"name\":\"Serveis\"}]},{\"@type\":\"WebSite\",\"@id\":\"https:\\\/\\\/bemypartner.es\\\/#website\",\"url\":\"https:\\\/\\\/bemypartner.es\\\/\",\"name\":\"Bemypartner\",\"description\":\"Comunicaci\u00f3n y eventos\",\"potentialAction\":[{\"@type\":\"SearchAction\",\"target\":{\"@type\":\"EntryPoint\",\"urlTemplate\":\"https:\\\/\\\/bemypartner.es\\\/?s={search_term_string}\"},\"query-input\":{\"@type\":\"PropertyValueSpecification\",\"valueRequired\":true,\"valueName\":\"search_term_string\"}}],\"inLanguage\":\"ca\"}]}<\/script>\n<!-- \/ Yoast SEO plugin. -->","yoast_head_json":{"title":"Serveis - Bemypartner","robots":{"index":"index","follow":"follow","max-snippet":"max-snippet:-1","max-image-preview":"max-image-preview:large","max-video-preview":"max-video-preview:-1"},"canonical":"https:\/\/bemypartner.es\/servicios\/","og_locale":"ca_ES","og_type":"article","og_title":"Serveis - Bemypartner","og_description":"[vc_row equal_height=&#8221;true&#8221; row_animation=&#8221;grow-in&#8221; el_class=&#8221;bloque-redes&#8221; row_padding_bottom=&#8221;70px&#8221;][vc_column vertical_position=&#8221;middle&#8221;][vc_column_text] \u00a0 \u00a0 \u00a0 \u00a0 [\/vc_column_text][\/vc_column][\/vc_row][vc_row el_class=&#8221;cont-tit-interior&#8221; row_margin_top=&#8221;155&#8243; row_padding_top=&#8221;70&#8243; row_padding_bottom=&#8221;70&#8243;][vc_column][vc_column_text text_animation=&#8221;fade-in-top&#8221;] Creixem amb tu [\/vc_column_text][vc_column_text text_animation=&#8221;fade-in-top&#8221; css=&#8221;.vc_custom_1600860250834{margin-top: 100px !important;}&#8221;] Oferim serveis integrats, creatius i efica\u00e7os. Contants el teu objectiu i nosaltres dissenyem el pla. [\/vc_column_text][\/vc_column][\/vc_row][vc_row equal_height=&#8221;true&#8221; gap=&#8221;zero&#8221; background_color=&#8221;#f0f0f0&#8243; row_padding_bottom=&#8221;0&#8243; el_class=&#8221;row-100&#8243;][vc_column width=&#8221;1\/2&#8243; el_class=&#8221;box-servicios&#8221; css=&#8221;.vc_custom_1602242561224{padding-bottom: 70px !important;}&#8221;][vc_column_text text_animation=&#8221;fade-in-top&#8221; css=&#8221;.vc_custom_1600866096100{margin-top: 50px !important;}&#8221;] Gabinete","og_url":"https:\/\/bemypartner.es\/servicios\/","og_site_name":"Bemypartner","article_publisher":"https:\/\/www.facebook.com\/BemypartnerCOM","article_modified_time":"2023-01-12T16:26:37+00:00","og_image":[{"width":960,"height":580,"url":"https:\/\/bemypartner.es\/wp-content\/uploads\/2020\/07\/img-servicios-5.png","type":"image\/png"}],"twitter_card":"summary_large_image","twitter_site":"@bemypartnercom","twitter_misc":{"Temps estimat de lectura":"6 minuts"},"schema":{"@context":"https:\/\/schema.org","@graph":[{"@type":"WebPage","@id":"https:\/\/bemypartner.es\/servicios\/","url":"https:\/\/bemypartner.es\/servicios\/","name":"Serveis - Bemypartner","isPartOf":{"@id":"https:\/\/bemypartner.es\/#website"},"datePublished":"2020-09-23T11:10:44+00:00","dateModified":"2023-01-12T16:26:37+00:00","breadcrumb":{"@id":"https:\/\/bemypartner.es\/servicios\/#breadcrumb"},"inLanguage":"ca","potentialAction":[{"@type":"ReadAction","target":["https:\/\/bemypartner.es\/servicios\/"]}]},{"@type":"BreadcrumbList","@id":"https:\/\/bemypartner.es\/servicios\/#breadcrumb","itemListElement":[{"@type":"ListItem","position":1,"name":"Portada","item":"https:\/\/bemypartner.es\/ca\/"},{"@type":"ListItem","position":2,"name":"Serveis"}]},{"@type":"WebSite","@id":"https:\/\/bemypartner.es\/#website","url":"https:\/\/bemypartner.es\/","name":"Bemypartner","description":"Comunicaci\u00f3n y eventos","potentialAction":[{"@type":"SearchAction","target":{"@type":"EntryPoint","urlTemplate":"https:\/\/bemypartner.es\/?s={search_term_string}"},"query-input":{"@type":"PropertyValueSpecification","valueRequired":true,"valueName":"search_term_string"}}],"inLanguage":"ca"}]}},"_links":{"self":[{"href":"https:\/\/bemypartner.es\/ca\/wp-json\/wp\/v2\/pages\/3976","targetHints":{"allow":["GET"]}}],"collection":[{"href":"https:\/\/bemypartner.es\/ca\/wp-json\/wp\/v2\/pages"}],"about":[{"href":"https:\/\/bemypartner.es\/ca\/wp-json\/wp\/v2\/types\/page"}],"author":[{"embeddable":true,"href":"https:\/\/bemypartner.es\/ca\/wp-json\/wp\/v2\/users\/1"}],"replies":[{"embeddable":true,"href":"https:\/\/bemypartner.es\/ca\/wp-json\/wp\/v2\/comments?post=3976"}],"version-history":[{"count":10,"href":"https:\/\/bemypartner.es\/ca\/wp-json\/wp\/v2\/pages\/3976\/revisions"}],"predecessor-version":[{"id":5419,"href":"https:\/\/bemypartner.es\/ca\/wp-json\/wp\/v2\/pages\/3976\/revisions\/5419"}],"wp:attachment":[{"href":"https:\/\/bemypartner.es\/ca\/wp-json\/wp\/v2\/media?parent=3976"}],"curies":[{"name":"wp","href":"https:\/\/api.w.org\/{rel}","templated":true}]}}