{"id":3959,"date":"2020-10-09T11:31:28","date_gmt":"2020-10-09T11:31:28","guid":{"rendered":"https:\/\/bemypartner.es\/experiencia\/"},"modified":"2020-10-29T17:10:21","modified_gmt":"2020-10-29T17:10:21","slug":"experiencia","status":"publish","type":"page","link":"https:\/\/bemypartner.es\/ca\/experiencia\/","title":{"rendered":"Experi\u00e8ncia"},"content":{"rendered":"<p>[vc_row equal_height=&#8221;true&#8221; row_animation=&#8221;grow-in&#8221; el_class=&#8221;bloque-redes&#8221; row_padding_bottom=&#8221;70px&#8221;][vc_column vertical_position=&#8221;middle&#8221;][vc_column_text]<\/p>\n<div class=\"social-lateral\"><a href=\"https:\/\/www.linkedin.com\/company\/bemypartner\" target=\"_blank\" rel=\"noopener noreferrer\"><span class=\"icon-linkedin\">\u00a0<\/span><\/a><br \/>\n<a href=\"https:\/\/www.instagram.com\/bemypartnercom\/\" target=\"_blank\" rel=\"noopener noreferrer\"><span class=\"icon-instagram\">\u00a0<\/span><\/a><br \/>\n<a href=\"https:\/\/www.facebook.com\/BemypartnerCOM\" target=\"_blank\" rel=\"noopener noreferrer\"><span class=\"icon-facebook\">\u00a0<\/span><\/a><br \/>\n<a href=\"https:\/\/twitter.com\/bemypartnercom\" target=\"_blank\" rel=\"noopener noreferrer\"><span class=\"icon-twitter\">\u00a0<\/span><\/a><\/div>\n<p>[\/vc_column_text][\/vc_column][\/vc_row][vc_row equal_height=&#8221;true&#8221; row_padding_bottom=&#8221;70&#8243; el_class=&#8221;cont-tit-interior&#8221; row_padding_top=&#8221;70&#8243; row_margin_top=&#8221;130&#8243;][vc_column vertical_position=&#8221;middle&#8221;][vc_column_text text_animation=&#8221;fade-in-top&#8221;]<\/p>\n<p class=\"tit-interior experiencia\" style=\"text-align: center;\">El nostres<br \/>\nclients opinen<\/p>\n<p>[\/vc_column_text][vc_row_inner css=&#8221;.vc_custom_1602504145215{margin-top: 70px !important;padding-right: 20px !important;padding-bottom: 20px !important;padding-left: 17px !important;background-color: #ffffff !important;}&#8221;][vc_column_inner width=&#8221;1\/2&#8243;][vc_column_text text_animation=&#8221;fade-in-bottom&#8221;]<\/p>\n<p class=\"texto-testimonio\">Montserrat Arias i el seu equip ens van proporcionar un suport fonamental com a ag\u00e8ncia de relacions p\u00fabliques. Els recomanem plenament.<\/p>\n<p>[\/vc_column_text][\/vc_column_inner][vc_column_inner width=&#8221;1\/2&#8243;][vc_column_text text_animation=&#8221;fade-in-bottom&#8221;]<\/p>\n<p class=\"texto-testimonio-big\">-Ells ens van proporcionar<br \/>\nsuport<br \/>\nfonamental<\/p>\n<p class=\"texto-testimonio-autor\">Sylvia Tauden<br \/>\n<span class=\"red\">Fundadora de Advantage Consultores<br \/>\ne Indigital Advantage<\/span><\/p>\n<p>[\/vc_column_text][vc_single_image image=&#8221;2957&#8243; img_size=&#8221;full&#8221; el_class=&#8221;img-testimonio&#8221;][\/vc_column_inner][\/vc_row_inner][vc_row_inner css=&#8221;.vc_custom_1602509850321{margin-top: 0px !important;padding-right: 20px !important;padding-bottom: 20px !important;padding-left: 17px !important;background: #ffffff url(https:\/\/bemypartner.es\/wp-content\/uploads\/2020\/09\/bg-testimonio.svg?id=2944) !important;}&#8221;][vc_column_inner width=&#8221;1\/2&#8243;][vc_column_text text_animation=&#8221;fade-in-bottom&#8221;]<\/p>\n<p class=\"texto-testimonio-big white\">-Alta capacitat<br \/>\nd&#8217;adaptaci\u00f3 a<br \/>\nles necessitats<br \/>\ndel negoci<\/p>\n<p class=\"texto-testimonio-autor white\">Xavier P\u00e9rez<br \/>\n<span class=\"red\">Director de Marketing y Comunicaci\u00f3<br \/>\nNestl\u00e9 Purina Petcare Espa\u00f1a<\/span><\/p>\n<p>[\/vc_column_text][vc_single_image image=&#8221;2960&#8243; img_size=&#8221;full&#8221; el_class=&#8221;img-testimonio white&#8221;][\/vc_column_inner][vc_column_inner width=&#8221;1\/2&#8243;][vc_column_text text_animation=&#8221;fade-in-bottom&#8221;]<\/p>\n<p class=\"texto-testimonio white\">Han sabut reaccionar de manera molt positiva als reptes que hav\u00edem plantejat.<\/p>\n<p>[\/vc_column_text][\/vc_column_inner][\/vc_row_inner][vc_row_inner css=&#8221;.vc_custom_1602509843743{margin-top: 0px !important;padding-right: 20px !important;padding-bottom: 20px !important;padding-left: 17px !important;background-color: #ffffff !important;}&#8221;][vc_column_inner width=&#8221;1\/2&#8243;][vc_column_text text_animation=&#8221;fade-in-bottom&#8221;]<\/p>\n<p class=\"texto-testimonio\">\u00c9s un plaer treballar bra\u00e7 a bra\u00e7 amb Bemypartner. El seu equip est\u00e0 format per grans professionals, que realitzen un treball de premsa excel\u00b7lent<\/p>\n<p>[\/vc_column_text][\/vc_column_inner][vc_column_inner width=&#8221;1\/2&#8243;][vc_column_text text_animation=&#8221;fade-in-bottom&#8221;]<\/p>\n<p class=\"texto-testimonio-big\">-El seu equip<br \/>\nest\u00e0 format<br \/>\nper grans<br \/>\nprofessionals<\/p>\n<p class=\"texto-testimonio-autor\">Puri Mart\u00ednez<br \/>\n<span class=\"red\">CEO de Sensalia Labs<\/span><\/p>\n<p>[\/vc_column_text][vc_single_image image=&#8221;2941&#8243; img_size=&#8221;full&#8221; el_class=&#8221;img-testimonio&#8221;][\/vc_column_inner][\/vc_row_inner][vc_row_inner css=&#8221;.vc_custom_1602509838320{margin-top: 0px !important;padding-right: 20px !important;padding-bottom: 20px !important;padding-left: 17px !important;background: #ffffff url(https:\/\/bemypartner.es\/wp-content\/uploads\/2020\/09\/bg-testimonio.svg?id=2944) !important;}&#8221;][vc_column_inner width=&#8221;1\/2&#8243;][vc_column_text text_animation=&#8221;fade-in-bottom&#8221;]<\/p>\n<p class=\"texto-testimonio-big white\">-S\u00f3n capa\u00e7os<br \/>\nde captar<br \/>\nl&#8217;ess\u00e8ncia de<br \/>\nla marca<\/p>\n<p class=\"texto-testimonio-autor white\">Mireia Trepat<br \/>\n<span class=\"red\">Cofundadora de Freshly Cosmetics <\/span><\/p>\n<p>[\/vc_column_text][vc_single_image image=&#8221;2932&#8243; img_size=&#8221;full&#8221; el_class=&#8221;img-testimonio&#8221;][\/vc_column_inner][vc_column_inner width=&#8221;1\/2&#8243;][vc_column_text text_animation=&#8221;fade-in-bottom&#8221;]<\/p>\n<p class=\"texto-testimonio white\">Bemypartner ens permet ser molt m\u00e9s eficients en la nostra relaci\u00f3 amb els mitjans de comunicaci\u00f3. S\u00f3n capa\u00e7os de captar l&#8217;ess\u00e8ncia de la marca transmetent els nostres valors i filosofia. Comptem amb la seva professionalitat sempre que tenim una nova proposta que comunicar.<\/p>\n<p>[\/vc_column_text][\/vc_column_inner][\/vc_row_inner][vc_row_inner css=&#8221;.vc_custom_1602509826753{margin-top: 0px !important;padding-right: 20px !important;padding-bottom: 20px !important;padding-left: 17px !important;background-color: #ffffff !important;}&#8221;][vc_column_inner width=&#8221;1\/2&#8243;][vc_column_text text_animation=&#8221;fade-in-bottom&#8221;]<\/p>\n<p class=\"texto-testimonio\">A Bemypartner sempre t&#8217;acompanyen, entenen qu\u00e8 vols i per qu\u00e8. Estem molt contents amb els seus serveis.<\/p>\n<p>[\/vc_column_text][\/vc_column_inner][vc_column_inner width=&#8221;1\/2&#8243;][vc_column_text text_animation=&#8221;fade-in-bottom&#8221;]<\/p>\n<p class=\"texto-testimonio-big\">-Estem<br \/>\nmolt contents<br \/>\namb els<br \/>\nseus serveis<\/p>\n<p class=\"texto-testimonio-autor\">Oriol Fuertes<br \/>\n<span class=\"red\"> CEO i fundador de Qida <\/span><\/p>\n<p>[\/vc_column_text][vc_single_image image=&#8221;2970&#8243; img_size=&#8221;full&#8221; el_class=&#8221;img-testimonio&#8221;][\/vc_column_inner][\/vc_row_inner][vc_row_inner css=&#8221;.vc_custom_1602509822411{margin-top: 0px !important;padding-right: 20px !important;padding-bottom: 20px !important;padding-left: 17px !important;background: #ffffff url(https:\/\/bemypartner.es\/wp-content\/uploads\/2020\/09\/bg-testimonio.svg?id=2944) !important;}&#8221;][vc_column_inner width=&#8221;1\/2&#8243;][vc_column_text text_animation=&#8221;fade-in-bottom&#8221;]<\/p>\n<p class=\"texto-testimonio-big white\">-Els<br \/>\nconsiderem<br \/>\npart de la<br \/>\nplantilla<\/p>\n<p class=\"texto-testimonio-autor white\">David Esteller<br \/>\n<span class=\"red\">Responsable projecte AECOC<br \/>\ncontra el malbaratament alimentari<\/span><\/p>\n<p>[\/vc_column_text][vc_single_image image=&#8221;2966&#8243; img_size=&#8221;full&#8221; el_class=&#8221;img-testimonio&#8221;][\/vc_column_inner][vc_column_inner width=&#8221;1\/2&#8243;][vc_column_text text_animation=&#8221;fade-in-bottom&#8221;]<\/p>\n<p class=\"texto-testimonio white\">Bemypartner ha integrat completament la nostra estrat\u00e8gia de projecte fent-la seva i comprometent-se amb la mateixa en tots els aspectes, de tal manera que els considerem part de la plantilla i no nom\u00e9s una col\u00b7laboraci\u00f3 externa.<\/p>\n<p>[\/vc_column_text][\/vc_column_inner][\/vc_row_inner][vc_row_inner css=&#8221;.vc_custom_1602509826753{margin-top: 0px !important;padding-right: 20px !important;padding-bottom: 20px !important;padding-left: 17px !important;background-color: #ffffff !important;}&#8221;][vc_column_inner width=&#8221;1\/2&#8243;][vc_column_text text_animation=&#8221;fade-in-bottom&#8221;]<\/p>\n<p class=\"texto-testimonio\">Bemypartner \u00e9s m\u00e9s que una ag\u00e8ncia de comunicaci\u00f3, pel seu inter\u00e8s, per la seva implicaci\u00f3 i pel seguiment de cada detall del projecte del pla global, escoltant i identificant les necessitats del client.<\/p>\n<p>[\/vc_column_text][\/vc_column_inner][vc_column_inner width=&#8221;1\/2&#8243;][vc_column_text text_animation=&#8221;fade-in-bottom&#8221;]<\/p>\n<p class=\"texto-testimonio-big\">-Bemypartner<br \/>\n\u00e9s m\u00e9s que una<br \/>\nag\u00e8ncia de<br \/>\ncomunicaci\u00f3<\/p>\n<p class=\"texto-testimonio-autor\" style=\"margin-top: 30px !important;\">Cristina Bou<br \/>\n<span class=\"red\">Directora comercial de CEAV,<br \/>\nConfederaci\u00f3 Espanyola d\u2019Ag\u00e8ncies<br \/>\nde Viatges<\/span><\/p>\n<p>[\/vc_column_text][vc_single_image image=&#8221;4351&#8243; img_size=&#8221;full&#8221; el_class=&#8221;img-testimonio&#8221;][\/vc_column_inner][\/vc_row_inner][\/vc_column][\/vc_row][vc_row background_color=&#8221;#ffffff&#8221; row_padding_top=&#8221;30&#8243; row_padding_bottom=&#8221;30&#8243; el_class=&#8221;row-logos&#8221;][vc_column][vc_column_text]<\/p>\n<p style=\"text-align: center !important; margin-bottom: 20px; font-size: 27px !important; font-family: 'Plus Jakarta Bold' !important; font-weight: bold !important; width: 100%;\">La seva confian\u00e7a ens fa millors<\/p>\n<p>[\/vc_column_text][vc_empty_space height=&#8221;20px&#8221;]\n        <style>\n        \t.unique-carousel-251 .owl-next, .unique-carousel-251 .owl-prev{\n        \t\tbackground:   !important;\n        \t\tcolor:  !important;\n        \t}\n\n        \t.unique-carousel-251.owl-theme .owl-dots .owl-dot.active span, .unique-carousel-251.owl-theme .owl-dots .owl-dot:hover span{\n        \t\tbackground:  !important;\n        \t}\n\n        \t.owl-next, .owl-prev{\n        \t\ttop: 40%;\n        \t}\n        <\/style>\n        <div class=\"wdo-carosuel-container unique-carousel-251 owl-carousel owl-theme\">\n        \t\t\t\t\n\t\t<div class=\"item\">\n\t\t\t[vc_single_image image=&#8221;3100&#8243; img_size=&#8221;full&#8221;]\t\t<\/div>\n\n\t\t\t\t\t\n\t\t<div class=\"item\">\n\t\t\t[vc_single_image image=&#8221;3103&#8243; img_size=&#8221;full&#8221;]\t\t<\/div>\n\n\t\t\t\t\t\n\t\t<div class=\"item\">\n\t\t\t[vc_single_image image=&#8221;3106&#8243; img_size=&#8221;full&#8221;]\t\t<\/div>\n\n\t\t\t\t\t\n\t\t<div class=\"item\">\n\t\t\t[vc_single_image image=&#8221;3109&#8243; img_size=&#8221;full&#8221;]\t\t<\/div>\n\n\t\t\t\t\t\n\t\t<div class=\"item\">\n\t\t\t[vc_single_image image=&#8221;3923&#8243; img_size=&#8221;full&#8221;]\t\t<\/div>\n\n\t\t\t\t\t\n\t\t<div class=\"item\">\n\t\t\t[vc_single_image image=&#8221;3115&#8243; img_size=&#8221;full&#8221;]\t\t<\/div>\n\n\t\t\t\t\t\n\t\t<div class=\"item\">\n\t\t\t[vc_single_image image=&#8221;3118&#8243; img_size=&#8221;full&#8221;]\t\t<\/div>\n\n\t\t\t\t\t\n\t\t<div class=\"item\">\n\t\t\t[vc_single_image image=&#8221;3121&#8243; img_size=&#8221;full&#8221;]\t\t<\/div>\n\n\t\t\t\t\t\n\t\t<div class=\"item\">\n\t\t\t[vc_single_image image=&#8221;3124&#8243; img_size=&#8221;full&#8221;]\t\t<\/div>\n\n\t\t\t\t\t\n\t\t<div class=\"item\">\n\t\t\t[vc_single_image image=&#8221;3127&#8243; img_size=&#8221;full&#8221;]\t\t<\/div>\n\n\t\t\t\t\t\n\t\t<div class=\"item\">\n\t\t\t[vc_single_image image=&#8221;3130&#8243; img_size=&#8221;full&#8221;]\t\t<\/div>\n\n\t\t\t\t\t\n\t\t<div class=\"item\">\n\t\t\t[vc_single_image image=&#8221;3133&#8243; img_size=&#8221;full&#8221;]\t\t<\/div>\n\n\t\t\t\t\t\n\t\t<div class=\"item\">\n\t\t\t[vc_single_image image=&#8221;3136&#8243; img_size=&#8221;full&#8221;]\t\t<\/div>\n\n\t\t\t\t\t\n\t\t<div class=\"item\">\n\t\t\t[vc_single_image image=&#8221;3139&#8243; img_size=&#8221;full&#8221;]\t\t<\/div>\n\n\t\t\t\t\t\n\t\t<div class=\"item\">\n\t\t\t[vc_single_image image=&#8221;3142&#8243; img_size=&#8221;full&#8221;]\t\t<\/div>\n\n\t\t\t\t\t\n\t\t<div class=\"item\">\n\t\t\t[vc_single_image image=&#8221;3145&#8243; img_size=&#8221;full&#8221;]\t\t<\/div>\n\n\t\t\t\t\t\n\t\t<div class=\"item\">\n\t\t\t[vc_single_image image=&#8221;3151&#8243; img_size=&#8221;full&#8221;]\t\t<\/div>\n\n\t\t\t\t\t\n\t\t<div class=\"item\">\n\t\t\t[vc_single_image image=&#8221;3148&#8243; img_size=&#8221;full&#8221;]\t\t<\/div>\n\n\t\t\t\t\t\n\t\t<div class=\"item\">\n\t\t\t[vc_single_image image=&#8221;3145&#8243; img_size=&#8221;full&#8221;]\t\t<\/div>\n\n\t\t\t\t\t\n\t\t<div class=\"item\">\n\t\t\t[vc_single_image image=&#8221;3151&#8243; img_size=&#8221;full&#8221;]\t\t<\/div>\n\n\t\t\t\t\t\n\t\t<div class=\"item\">\n\t\t\t[vc_single_image image=&#8221;3154&#8243; img_size=&#8221;full&#8221;]\t\t<\/div>\n\n\t\t\t\t\t\n\t\t<div class=\"item\">\n\t\t\t[vc_single_image image=&#8221;3157&#8243; img_size=&#8221;full&#8221;]\t\t<\/div>\n\n\t\t\t\t\t\n\t\t<div class=\"item\">\n\t\t\t[vc_single_image image=&#8221;3160&#8243; img_size=&#8221;full&#8221;]\t\t<\/div>\n\n\t\t\t\t\t\n\t\t<div class=\"item\">\n\t\t\t[vc_single_image image=&#8221;3163&#8243; img_size=&#8221;full&#8221;]\t\t<\/div>\n\n\t\t\t\t\t\n\t\t<div class=\"item\">\n\t\t\t[vc_single_image image=&#8221;3166&#8243; img_size=&#8221;full&#8221;]\t\t<\/div>\n\n\t\t\t\t\t\n\t\t<div class=\"item\">\n\t\t\t[vc_single_image image=&#8221;3169&#8243; img_size=&#8221;full&#8221;]\t\t<\/div>\n\n\t\t\t\t\t\n\t\t<div class=\"item\">\n\t\t\t[vc_single_image image=&#8221;3172&#8243; img_size=&#8221;full&#8221;]\t\t<\/div>\n\n\t\t\t\t\t\n\t\t<div class=\"item\">\n\t\t\t[vc_single_image image=&#8221;3175&#8243; img_size=&#8221;full&#8221;]\t\t<\/div>\n\n\t\t\t\t\t\n\t\t<div class=\"item\">\n\t\t\t[vc_single_image image=&#8221;3178&#8243; img_size=&#8221;full&#8221;]\t\t<\/div>\n\n\t\t\t\t\t\n\t\t<div class=\"item\">\n\t\t\t[vc_single_image image=&#8221;3181&#8243; img_size=&#8221;full&#8221;]\t\t<\/div>\n\n\t\t\t\t\t\n\t\t<div class=\"item\">\n\t\t\t[vc_single_image image=&#8221;3184&#8243; img_size=&#8221;full&#8221;]\t\t<\/div>\n\n\t\t\t\t\t\n\t\t<div class=\"item\">\n\t\t\t[vc_single_image image=&#8221;3187&#8243; img_size=&#8221;full&#8221;]\t\t<\/div>\n\n\t\t\t\t\t\n\t\t<div class=\"item\">\n\t\t\t[vc_single_image image=&#8221;3190&#8243; img_size=&#8221;full&#8221;]\t\t<\/div>\n\n\t\t\t\t\t\n\t\t<div class=\"item\">\n\t\t\t[vc_single_image image=&#8221;3193&#8243; img_size=&#8221;full&#8221;]\t\t<\/div>\n\n\t\t\t\t\t\n\t\t<div class=\"item\">\n\t\t\t[vc_single_image image=&#8221;3196&#8243; img_size=&#8221;full&#8221;]\t\t<\/div>\n\n\t\t\t\t\t\n\t\t<div class=\"item\">\n\t\t\t[vc_single_image image=&#8221;3199&#8243; img_size=&#8221;full&#8221;]\t\t<\/div>\n\n\t\t\t\t\t\n\t\t<div class=\"item\">\n\t\t\t[vc_single_image image=&#8221;3202&#8243; img_size=&#8221;full&#8221;]\t\t<\/div>\n\n\t\t\t\t\t\n\t\t<div class=\"item\">\n\t\t\t[vc_single_image image=&#8221;3205&#8243; img_size=&#8221;full&#8221;]\t\t<\/div>\n\n\t\t\t\t\t\n\t\t<div class=\"item\">\n\t\t\t[vc_single_image image=&#8221;3208&#8243; img_size=&#8221;full&#8221;]\t\t<\/div>\n\n\t\t\t\t\t\n\t\t<div class=\"item\">\n\t\t\t[vc_single_image image=&#8221;3097&#8243; img_size=&#8221;full&#8221;]\t\t<\/div>\n\n\t\t\t\t\t\n\t\t<div class=\"item\">\n\t\t\t[vc_single_image image=&#8221;3094&#8243; img_size=&#8221;full&#8221;]\t\t<\/div>\n\n\t\t\t\t\t\n\t\t<div class=\"item\">\n\t\t\t[vc_single_image image=&#8221;3091&#8243; img_size=&#8221;full&#8221;]\t\t<\/div>\n\n\t\t\t\t\t\n\t\t<div class=\"item\">\n\t\t\t[vc_single_image image=&#8221;3088&#8243; img_size=&#8221;full&#8221;]\t\t<\/div>\n\n\t\t\t\t\t\n\t\t<div class=\"item\">\n\t\t\t[vc_single_image image=&#8221;3085&#8243; img_size=&#8221;full&#8221;]\t\t<\/div>\n\n\t\t        <\/div>\n        <script type=\"text\/javascript\">\n        \tjQuery(document).ready(function ($) {\n        \t\t$('.unique-carousel-251').owlCarousel({\n        \t\t    margin:10,\n        \t\t    touchDrag:true,\n        \t\t    mouseDrag:true,\n        \t\t    animateIn: \"no-animation\",\n        \t\t    animateOut: \"no-animation\",\n        \t\t    video:true,\n        \t\t    videoWidth:true,\n        \t\t    videoHeight:300,\n        \t\t    loop:true,\n        \t\t    slideBy:4,\n        \t\t    autoplay:true, \n        \t\t    nav:true,\n        \t\t    dots:false,\n        \t\t    navText:[\"<div class='nav-btn prev-slide'><\/div>\",\"<div class='nav-btn next-slide'><\/div>\"],\n        \t\t    responsive:{\n        \t\t        0:{\n        \t\t            items:1        \t\t        },\n        \t\t        600:{\n        \t\t            items:3        \t\t        },\n        \t\t        1000:{\n        \t\t            items:4        \t\t        }\n        \t\t    }\n        \t\t});\n        \t});\n        <\/script>\n\n        [vc_empty_space height=&#8221;40px&#8221;][\/vc_column][\/vc_row]<\/p>\n","protected":false},"excerpt":{"rendered":"<p>[vc_row equal_height=&#8221;true&#8221; row_animation=&#8221;grow-in&#8221; el_class=&#8221;bloque-redes&#8221; row_padding_bottom=&#8221;70px&#8221;][vc_column vertical_position=&#8221;middle&#8221;][vc_column_text] \u00a0 \u00a0 \u00a0 \u00a0 [\/vc_column_text][\/vc_column][\/vc_row][vc_row equal_height=&#8221;true&#8221; row_padding_bottom=&#8221;70&#8243; el_class=&#8221;cont-tit-interior&#8221; row_padding_top=&#8221;70&#8243; row_margin_top=&#8221;130&#8243;][vc_column vertical_position=&#8221;middle&#8221;][vc_column_text text_animation=&#8221;fade-in-top&#8221;] El nostres clients opinen [\/vc_column_text][vc_row_inner css=&#8221;.vc_custom_1602504145215{margin-top: 70px !important;padding-right: 20px !important;padding-bottom: 20px !important;padding-left: 17px !important;background-color: #ffffff !important;}&#8221;][vc_column_inner width=&#8221;1\/2&#8243;][vc_column_text text_animation=&#8221;fade-in-bottom&#8221;] Montserrat Arias i el seu equip ens van proporcionar un suport fonamental com a ag\u00e8ncia de relacions p\u00fabliques. Els<\/p>\n","protected":false},"author":1,"featured_media":0,"parent":0,"menu_order":0,"comment_status":"closed","ping_status":"closed","template":"","meta":{"_monsterinsights_skip_tracking":false,"_monsterinsights_sitenote_active":false,"_monsterinsights_sitenote_note":"","_monsterinsights_sitenote_category":0,"footnotes":""},"class_list":["post-3959","page","type-page","status-publish","hentry"],"yoast_head":"<!-- This site is optimized with the Yoast SEO plugin v27.5 - https:\/\/yoast.com\/product\/yoast-seo-wordpress\/ -->\n<title>Experi\u00e8ncia - Bemypartner<\/title>\n<meta name=\"robots\" content=\"index, follow, max-snippet:-1, max-image-preview:large, max-video-preview:-1\" \/>\n<link rel=\"canonical\" href=\"https:\/\/bemypartner.es\/ca\/experiencia\/\" \/>\n<meta property=\"og:locale\" content=\"ca_ES\" \/>\n<meta property=\"og:type\" content=\"article\" \/>\n<meta property=\"og:title\" content=\"Experi\u00e8ncia - Bemypartner\" \/>\n<meta property=\"og:description\" content=\"[vc_row equal_height=&#8221;true&#8221; row_animation=&#8221;grow-in&#8221; el_class=&#8221;bloque-redes&#8221; row_padding_bottom=&#8221;70px&#8221;][vc_column vertical_position=&#8221;middle&#8221;][vc_column_text] \u00a0 \u00a0 \u00a0 \u00a0 [\/vc_column_text][\/vc_column][\/vc_row][vc_row equal_height=&#8221;true&#8221; row_padding_bottom=&#8221;70&#8243; el_class=&#8221;cont-tit-interior&#8221; row_padding_top=&#8221;70&#8243; row_margin_top=&#8221;130&#8243;][vc_column vertical_position=&#8221;middle&#8221;][vc_column_text text_animation=&#8221;fade-in-top&#8221;] El nostres clients opinen [\/vc_column_text][vc_row_inner css=&#8221;.vc_custom_1602504145215{margin-top: 70px !important;padding-right: 20px !important;padding-bottom: 20px !important;padding-left: 17px !important;background-color: #ffffff !important;}&#8221;][vc_column_inner width=&#8221;1\/2&#8243;][vc_column_text text_animation=&#8221;fade-in-bottom&#8221;] Montserrat Arias i el seu equip ens van proporcionar un suport fonamental com a ag\u00e8ncia de relacions p\u00fabliques. Els\" \/>\n<meta property=\"og:url\" content=\"https:\/\/bemypartner.es\/ca\/experiencia\/\" \/>\n<meta property=\"og:site_name\" content=\"Bemypartner\" \/>\n<meta property=\"article:publisher\" content=\"https:\/\/www.facebook.com\/BemypartnerCOM\" \/>\n<meta property=\"article:modified_time\" content=\"2020-10-29T17:10:21+00:00\" \/>\n<meta property=\"og:image\" content=\"https:\/\/bemypartner.es\/wp-content\/uploads\/2020\/07\/img-servicios-5.png\" \/>\n\t<meta property=\"og:image:width\" content=\"960\" \/>\n\t<meta property=\"og:image:height\" content=\"580\" \/>\n\t<meta property=\"og:image:type\" content=\"image\/png\" \/>\n<meta name=\"twitter:card\" content=\"summary_large_image\" \/>\n<meta name=\"twitter:site\" content=\"@bemypartnercom\" \/>\n<meta name=\"twitter:label1\" content=\"Temps estimat de lectura\" \/>\n\t<meta name=\"twitter:data1\" content=\"8 minuts\" \/>\n<script type=\"application\/ld+json\" class=\"yoast-schema-graph\">{\"@context\":\"https:\\\/\\\/schema.org\",\"@graph\":[{\"@type\":\"WebPage\",\"@id\":\"https:\\\/\\\/bemypartner.es\\\/ca\\\/experiencia\\\/\",\"url\":\"https:\\\/\\\/bemypartner.es\\\/ca\\\/experiencia\\\/\",\"name\":\"Experi\u00e8ncia - Bemypartner\",\"isPartOf\":{\"@id\":\"https:\\\/\\\/bemypartner.es\\\/#website\"},\"datePublished\":\"2020-10-09T11:31:28+00:00\",\"dateModified\":\"2020-10-29T17:10:21+00:00\",\"breadcrumb\":{\"@id\":\"https:\\\/\\\/bemypartner.es\\\/ca\\\/experiencia\\\/#breadcrumb\"},\"inLanguage\":\"ca\",\"potentialAction\":[{\"@type\":\"ReadAction\",\"target\":[\"https:\\\/\\\/bemypartner.es\\\/ca\\\/experiencia\\\/\"]}]},{\"@type\":\"BreadcrumbList\",\"@id\":\"https:\\\/\\\/bemypartner.es\\\/ca\\\/experiencia\\\/#breadcrumb\",\"itemListElement\":[{\"@type\":\"ListItem\",\"position\":1,\"name\":\"Portada\",\"item\":\"https:\\\/\\\/bemypartner.es\\\/ca\\\/\"},{\"@type\":\"ListItem\",\"position\":2,\"name\":\"Experi\u00e8ncia\"}]},{\"@type\":\"WebSite\",\"@id\":\"https:\\\/\\\/bemypartner.es\\\/#website\",\"url\":\"https:\\\/\\\/bemypartner.es\\\/\",\"name\":\"Bemypartner\",\"description\":\"Comunicaci\u00f3n y eventos\",\"potentialAction\":[{\"@type\":\"SearchAction\",\"target\":{\"@type\":\"EntryPoint\",\"urlTemplate\":\"https:\\\/\\\/bemypartner.es\\\/?s={search_term_string}\"},\"query-input\":{\"@type\":\"PropertyValueSpecification\",\"valueRequired\":true,\"valueName\":\"search_term_string\"}}],\"inLanguage\":\"ca\"}]}<\/script>\n<!-- \/ Yoast SEO plugin. -->","yoast_head_json":{"title":"Experi\u00e8ncia - Bemypartner","robots":{"index":"index","follow":"follow","max-snippet":"max-snippet:-1","max-image-preview":"max-image-preview:large","max-video-preview":"max-video-preview:-1"},"canonical":"https:\/\/bemypartner.es\/ca\/experiencia\/","og_locale":"ca_ES","og_type":"article","og_title":"Experi\u00e8ncia - Bemypartner","og_description":"[vc_row equal_height=&#8221;true&#8221; row_animation=&#8221;grow-in&#8221; el_class=&#8221;bloque-redes&#8221; row_padding_bottom=&#8221;70px&#8221;][vc_column vertical_position=&#8221;middle&#8221;][vc_column_text] \u00a0 \u00a0 \u00a0 \u00a0 [\/vc_column_text][\/vc_column][\/vc_row][vc_row equal_height=&#8221;true&#8221; row_padding_bottom=&#8221;70&#8243; el_class=&#8221;cont-tit-interior&#8221; row_padding_top=&#8221;70&#8243; row_margin_top=&#8221;130&#8243;][vc_column vertical_position=&#8221;middle&#8221;][vc_column_text text_animation=&#8221;fade-in-top&#8221;] El nostres clients opinen [\/vc_column_text][vc_row_inner css=&#8221;.vc_custom_1602504145215{margin-top: 70px !important;padding-right: 20px !important;padding-bottom: 20px !important;padding-left: 17px !important;background-color: #ffffff !important;}&#8221;][vc_column_inner width=&#8221;1\/2&#8243;][vc_column_text text_animation=&#8221;fade-in-bottom&#8221;] Montserrat Arias i el seu equip ens van proporcionar un suport fonamental com a ag\u00e8ncia de relacions p\u00fabliques. Els","og_url":"https:\/\/bemypartner.es\/ca\/experiencia\/","og_site_name":"Bemypartner","article_publisher":"https:\/\/www.facebook.com\/BemypartnerCOM","article_modified_time":"2020-10-29T17:10:21+00:00","og_image":[{"width":960,"height":580,"url":"https:\/\/bemypartner.es\/wp-content\/uploads\/2020\/07\/img-servicios-5.png","type":"image\/png"}],"twitter_card":"summary_large_image","twitter_site":"@bemypartnercom","twitter_misc":{"Temps estimat de lectura":"8 minuts"},"schema":{"@context":"https:\/\/schema.org","@graph":[{"@type":"WebPage","@id":"https:\/\/bemypartner.es\/ca\/experiencia\/","url":"https:\/\/bemypartner.es\/ca\/experiencia\/","name":"Experi\u00e8ncia - Bemypartner","isPartOf":{"@id":"https:\/\/bemypartner.es\/#website"},"datePublished":"2020-10-09T11:31:28+00:00","dateModified":"2020-10-29T17:10:21+00:00","breadcrumb":{"@id":"https:\/\/bemypartner.es\/ca\/experiencia\/#breadcrumb"},"inLanguage":"ca","potentialAction":[{"@type":"ReadAction","target":["https:\/\/bemypartner.es\/ca\/experiencia\/"]}]},{"@type":"BreadcrumbList","@id":"https:\/\/bemypartner.es\/ca\/experiencia\/#breadcrumb","itemListElement":[{"@type":"ListItem","position":1,"name":"Portada","item":"https:\/\/bemypartner.es\/ca\/"},{"@type":"ListItem","position":2,"name":"Experi\u00e8ncia"}]},{"@type":"WebSite","@id":"https:\/\/bemypartner.es\/#website","url":"https:\/\/bemypartner.es\/","name":"Bemypartner","description":"Comunicaci\u00f3n y eventos","potentialAction":[{"@type":"SearchAction","target":{"@type":"EntryPoint","urlTemplate":"https:\/\/bemypartner.es\/?s={search_term_string}"},"query-input":{"@type":"PropertyValueSpecification","valueRequired":true,"valueName":"search_term_string"}}],"inLanguage":"ca"}]}},"_links":{"self":[{"href":"https:\/\/bemypartner.es\/ca\/wp-json\/wp\/v2\/pages\/3959","targetHints":{"allow":["GET"]}}],"collection":[{"href":"https:\/\/bemypartner.es\/ca\/wp-json\/wp\/v2\/pages"}],"about":[{"href":"https:\/\/bemypartner.es\/ca\/wp-json\/wp\/v2\/types\/page"}],"author":[{"embeddable":true,"href":"https:\/\/bemypartner.es\/ca\/wp-json\/wp\/v2\/users\/1"}],"replies":[{"embeddable":true,"href":"https:\/\/bemypartner.es\/ca\/wp-json\/wp\/v2\/comments?post=3959"}],"version-history":[{"count":12,"href":"https:\/\/bemypartner.es\/ca\/wp-json\/wp\/v2\/pages\/3959\/revisions"}],"predecessor-version":[{"id":4354,"href":"https:\/\/bemypartner.es\/ca\/wp-json\/wp\/v2\/pages\/3959\/revisions\/4354"}],"wp:attachment":[{"href":"https:\/\/bemypartner.es\/ca\/wp-json\/wp\/v2\/media?parent=3959"}],"curies":[{"name":"wp","href":"https:\/\/api.w.org\/{rel}","templated":true}]}}